{"id":887,"date":"2013-11-09T20:12:05","date_gmt":"2013-11-09T20:12:05","guid":{"rendered":"http:\/\/maruri.rs\/farmina-pet-foods-4"},"modified":"2013-11-21T13:37:14","modified_gmt":"2013-11-21T13:37:14","slug":"farmina-pet-foods-4","status":"publish","type":"page","link":"http:\/\/maruri.rs\/?page_id=887","title":{"rendered":"Farmina Pet Foods"},"content":{"rendered":"<p>[nggallery id=22]<\/p>\n<p><span style=\"color: #B3B3B3;\">\u00a0<\/span><\/p>\n<p><strong><span style=\"color:#B3B3B3;\">PROIZVODNA HALA SA PRATE\u0106IM OBJEKTIMA KOMPLEKSA\u00a0 &#8220;FARMINA PET FOODS&#8221;<\/span><\/strong><\/p>\n<p>UKUPNA INVESTICIONA VREDNOST: 21.000.000 \u20ac<br \/>\nINVESTITOR: \u201eFarmina pet foods\u201c d.o.o. In\u0111ija<br \/>\nMESTO GRADNJE: In\u0111ija<br \/>\nUKUPNA KVADRATURA: cca 6.000m2<br \/>\nVRSTA KONSTRUKCIJE: A.B. Monta\u017ena skeletna konstrukcija<br \/>\nGODINA IZGRADNJE: 2009.<\/p>\n","protected":false},"excerpt":{"rendered":"<p>[nggallery id=22] \u00a0 PROIZVODNA HALA SA PRATE\u0106IM OBJEKTIMA KOMPLEKSA\u00a0 &#8220;FARMINA PET FOODS&#8221; UKUPNA INVESTICIONA VREDNOST: 21.000.000 \u20ac INVESTITOR: \u201eFarmina pet foods\u201c d.o.o. In\u0111ija MESTO GRADNJE: In\u0111ija UKUPNA KVADRATURA: cca 6.000m2 VRSTA KONSTRUKCIJE: A.B. Monta\u017ena skeletna konstrukcija GODINA IZGRADNJE: 2009.<\/p>\n","protected":false},"author":1,"featured_media":0,"parent":0,"menu_order":0,"comment_status":"open","ping_status":"closed","template":"page-full.php","meta":{"footnotes":""},"class_list":["post-887","page","type-page","status-publish","hentry"],"_links":{"self":[{"href":"http:\/\/maruri.rs\/index.php?rest_route=\/wp\/v2\/pages\/887","targetHints":{"allow":["GET"]}}],"collection":[{"href":"http:\/\/maruri.rs\/index.php?rest_route=\/wp\/v2\/pages"}],"about":[{"href":"http:\/\/maruri.rs\/index.php?rest_route=\/wp\/v2\/types\/page"}],"author":[{"embeddable":true,"href":"http:\/\/maruri.rs\/index.php?rest_route=\/wp\/v2\/users\/1"}],"replies":[{"embeddable":true,"href":"http:\/\/maruri.rs\/index.php?rest_route=%2Fwp%2Fv2%2Fcomments&post=887"}],"version-history":[{"count":8,"href":"http:\/\/maruri.rs\/index.php?rest_route=\/wp\/v2\/pages\/887\/revisions"}],"predecessor-version":[{"id":1185,"href":"http:\/\/maruri.rs\/index.php?rest_route=\/wp\/v2\/pages\/887\/revisions\/1185"}],"wp:attachment":[{"href":"http:\/\/maruri.rs\/index.php?rest_route=%2Fwp%2Fv2%2Fmedia&parent=887"}],"curies":[{"name":"wp","href":"https:\/\/api.w.org\/{rel}","templated":true}]}}