{"id":342,"date":"2013-11-09T18:57:01","date_gmt":"2013-11-03T22:18:09","guid":{"rendered":"http:\/\/maruri.rs\/?page_id=342"},"modified":"2016-01-29T13:39:44","modified_gmt":"2016-01-29T13:39:44","slug":"novosti-2","status":"publish","type":"page","link":"http:\/\/maruri.rs\/?page_id=342","title":{"rendered":"NOVOSTI"},"content":{"rendered":"<p><span style=\"font-size: 18px;\"><strong><span style=\"color: #ff0000;\">Logisti\u010dki centar SIM u Beo\u010dinu, 29. januar 2016. godine<br \/>\n<\/span><\/strong><\/span><\/p>\n<p>JAVNA PREZENTACIJA URBANISTI\u010cKOG PROJEKTA LOGISTI\u010cKOG CENTRA SIM U BEO\u010cINU &#8211; SIM d.o.o. Novi Sad, Nosilac projekta, MARURI d.o.o. Novi Sad<\/p>\n<p>REPUBLIKA SRBIJA-AP VOJVODINA<br \/>\nOP\u0160TINA BEO\u010cIN-OP\u0160TINSKA UPRAVA<br \/>\nSlu\u017eba za inspekcijske poslove i urbanizam<\/p>\n<p>Na osnovu \u010dlana 63. Zakona o planiranju i izgradnji (&#8220;Sl. glasnik RS&#8221;, br. 72\/2009, 81\/2009 &#8211; ispr., 64\/2010 &#8211; odluka US, 24\/2011, 121\/2012-odluka US, 42\/2013-odluka US, 50\/2013-odluka US, 54\/2013 re\u0161enje US, 98\/2013-odluka US, 132\/2014 i 145\/2014) i \u010dlana 83. Pravilnika o sadr\u017eini, na\u010dinu i postupku izrade dokumenata prostornog i urbanisti\u010dkog planiranja (&#8220;Sl. glasnik RS&#8221;, br. 64\/2015):<\/p>\n<p>O G L A \u0160 A V A<br \/>\nJAVNU PREZENTACIJU URBANISTI\u010cKOG PROJEKTA LOGISTI\u010cKOG CENTRA &#8220;SIM&#8221; U BEO\u010cINU<\/p>\n<p>&#8220;SIM&#8221; doo iz Novog Sada, ul. Kisa\u010dka br.84 podneo je zahtev za potvr\u0111ivanje Urbanisti\u010dkog projekta logisti\u010dkog centra &#8220;SIM&#8221; u Beo\u010dinu, izra\u0111enog od strane &#8220;MARURI&#8221; doo Novi Sad iz Novog Sada, ul. \u0106irpanova br.1.<\/p>\n<p>Javna prezentacija Urbanisti\u010dkog projekta, u trajanju od 7 dana, odr\u017ea\u0107e se u per iodu od 04.02.2016. do 10.02.2016. godine, svakog radnog dana od 9 do 12 \u010dasova u prostorijama Op\u0161tinske uprave op\u0161tine Beo\u010din, Beo\u010din ul. Svetosavska br. 25 soba broj 5.<\/p>\n<p>Pozivaju se sva zainteresovana pravna i fizi\u010dka lica da izvr\u0161e uvid u Urbanisti\u010dki projekat, kao i da u toku trajanja javne prezentacije dostave svoje primedbe i sugestije u pisanom obliku Slu\u017ebi za inspekcijske poslove i urbanizam Op\u0161tinske uprave op\u0161tine Beo\u010din, Beo\u010din ul. Svetosavska br. 25 svakim radnim danom od 7 do 15 \u010dasova.<\/p>\n<p>Lice ovla\u0161\u0107eno za davanje obave\u0161tenja o sadr\u017eaju javne prezentacije je Neboj\u0161a Tunguz vi\u0161i stru\u010dni saradnik za gra\u0111evinarstvo.<\/p>\n<p><strong><span style=\"color: #ff0000; font-size: 18px;\">Adaptacija dela poslovnog objekta za \u0161kolsku kuhinju i restoran za izvo\u0111enje prakti\u010dne nastave u Irigu, 21. decembar 2015. godine<\/span><\/strong><\/p>\n<p>Radovi na adaptaciji dela poslovnog objekta za \u0161kolsku kuhinju i restoran za izvo\u0111enje prakti\u010dne nastave u Irigu su po\u010deli 21.12.2015. godine. Izvo\u0111a\u010d radova je GAT iz Novog Sada. Nosilac projekta, MARURI d.o.o. Novi Sad.<\/p>\n<p>Idejnim projektom adaptacije predvi\u0111ena je adaptacija prostorija dela poslovnog objekta za \u0161kolsku kuhinju i restoran za izvo\u0111enje prakti\u010dne nastave, prema minimalnim tehnik\u010dim uslovima za ure\u0111enje ugostiteljskih objekata za ishranu i pi\u0107e, u kome se pruzaju usluge pripremanja i uslu\u017eivanja hrane, pi\u0107a i napitaka, navedenog pravilnika.<\/p>\n<p><span style=\"font-size: 18px;\"><strong><span style=\"color: #ff0000;\">Investiciono odr\u017eavanje Doma kulture u Be\u0161ki, 14. decembar 2015. godine<br \/>\n<\/span><\/strong><\/span><\/p>\n<p>Radovi na investicionom odr\u017eavanju Doma kulture u Be\u0161ki su po\u010deli 14.12.2015. godine. Izvo\u0111a\u010d radova je AINGOR d.o.o. iz Kragujevca. Nosilac projekta, MARURI d.o.o. Novi Sad.<\/p>\n<p>Usled vi\u0161egodi\u0161njeg neodr\u017eavanja objekta, do\u0161lo je do njegovog o\u0161te\u0107enja, pre svega usled dejstva atmosferskih voda i vla\u017eenja zidova od kapilarne vlage. Olu\u010dne vertikale sprovode vodu sa krova do trotoara uz objekat i dobrim delom voda iz njih ne oti\u010de u zelene povr\u0161ine nego se podliva pod objekat, tako da vla\u017ee zemlji\u0161te ispod objekta. Usled toga do\u0161lo je do sleganja objekta\u00a0 i pucanja zidova na nekim mestima. Prozori u velikoj meri nisu funkcionalni, ne mogu da se otvore i ne zaptivaju dobro; okapni i op\u0161avni limovi oko nekih prozora su deformisani i dozvoljavaju da atmosferska voda vla\u017ei zidove. Kako zidovi prizemlja nisu pri izgradnji prese\u010deni hidroizolacijom, do\u0161lo je do penjanja kapilarne vlage u njima. Na nekim mestima je do\u0161lo do stvaranja pukotina i otpadanja delova maltera. Krovni pokriva\u010d na delu objekta gde je ravan krov je u znatnoj meri o\u0161te\u0107en, tako da voda prodire kroz njega.<\/p>\n<p>Stru\u010dni tim firme Maruri d.o.o. je izlaskom na teren detaljno sagledao i ustanovio sve nedostatke na objektu i izradio projekat investicionog odr\u017eavanja objekta radi pobolj\u0161anja uslova za rad korisnika Doma kulture.<\/p>\n","protected":false},"excerpt":{"rendered":"<p>Logisti\u010dki centar SIM u Beo\u010dinu, 29. januar 2016. godine JAVNA PREZENTACIJA URBANISTI\u010cKOG PROJEKTA LOGISTI\u010cKOG CENTRA SIM U BEO\u010cINU &#8211; SIM d.o.o. Novi Sad, Nosilac projekta, MARURI d.o.o. Novi Sad REPUBLIKA SRBIJA-AP VOJVODINA OP\u0160TINA BEO\u010cIN-OP\u0160TINSKA UPRAVA Slu\u017eba za inspekcijske poslove i urbanizam Na osnovu \u010dlana 63. Zakona o planiranju i izgradnji (&#8220;Sl. glasnik RS&#8221;, br. 72\/2009, [&hellip;]<\/p>\n","protected":false},"author":1,"featured_media":0,"parent":0,"menu_order":0,"comment_status":"closed","ping_status":"closed","template":"page-full.php","meta":{"footnotes":""},"class_list":["post-342","page","type-page","status-publish","hentry"],"_links":{"self":[{"href":"http:\/\/maruri.rs\/index.php?rest_route=\/wp\/v2\/pages\/342","targetHints":{"allow":["GET"]}}],"collection":[{"href":"http:\/\/maruri.rs\/index.php?rest_route=\/wp\/v2\/pages"}],"about":[{"href":"http:\/\/maruri.rs\/index.php?rest_route=\/wp\/v2\/types\/page"}],"author":[{"embeddable":true,"href":"http:\/\/maruri.rs\/index.php?rest_route=\/wp\/v2\/users\/1"}],"replies":[{"embeddable":true,"href":"http:\/\/maruri.rs\/index.php?rest_route=%2Fwp%2Fv2%2Fcomments&post=342"}],"version-history":[{"count":11,"href":"http:\/\/maruri.rs\/index.php?rest_route=\/wp\/v2\/pages\/342\/revisions"}],"predecessor-version":[{"id":1382,"href":"http:\/\/maruri.rs\/index.php?rest_route=\/wp\/v2\/pages\/342\/revisions\/1382"}],"wp:attachment":[{"href":"http:\/\/maruri.rs\/index.php?rest_route=%2Fwp%2Fv2%2Fmedia&parent=342"}],"curies":[{"name":"wp","href":"https:\/\/api.w.org\/{rel}","templated":true}]}}