{"id":174,"date":"2013-11-09T18:59:17","date_gmt":"2013-10-31T23:07:01","guid":{"rendered":"http:\/\/maruri.rs\/?page_id=174"},"modified":"2016-01-29T10:53:29","modified_gmt":"2016-01-29T10:53:29","slug":"usluge","status":"publish","type":"page","link":"http:\/\/maruri.rs\/?page_id=174","title":{"rendered":"USLUGE"},"content":{"rendered":"<p><a href=\"http:\/\/maruri.rs\/wp-content\/uploads\/2013\/10\/usluge-mix.jpg\"><img loading=\"lazy\" decoding=\"async\" class=\"size-full wp-image-412 aligncenter\" alt=\"usluge-mix\" src=\"http:\/\/maruri.rs\/wp-content\/uploads\/2013\/10\/usluge-mix.jpg\" width=\"827\" height=\"147\" \/><\/a><\/p>\n<\/p>\n<\/p>\n<p>Za potrebe pravnih lica i fizi\u010dkih lica, preduze\u0107e \u201cMARURI\u201d d.o.o. Novi Sad, u saradnji sa svojim timom stru\u010dnih saradnika, za objekte visokogradnje, niskogradnje i hidrogradnje vr\u0161i slede\u0107e usluge:<\/p>\n<p>&nbsp;<\/p>\n<\/p>\n<p><span style=\"font-size: 18px; color: #ff0000;\">1<b>. IZRADA PROJEKTNE DOKUMENATCIJE<\/b><\/span><\/p>\n<p><b>\u00a0(<\/b>industrijskih, poslovnih, javnih. sportskih, kolektivnih stambenih, porodi\u010dnih stambenih, komercijalnih i turisti\u010dko-ugostiteljskih\u00a0 objekata):<\/p>\n<p><span style=\"font-size: 14px;\">A) PLANSKA DOKUMENTACIJA:<\/span><\/p>\n<p style=\"padding-left: 30px;\">&#8211; Plan detaljne regulacije (PDR)<br \/>\n&#8211; Urbanisti\u010dki projekti (UP)<br \/>\n&#8211; Urbanisti\u010dki projekti parcelacije i preparcelacije<br \/>\n&#8211; Urbanisti\u010dki projekti ispravke granica susednih parcela<\/p>\n<p><span style=\"font-size: 14px;\">B) PROJEKTNA DOKUMENTACIJA:<\/span><\/p>\n<p style=\"padding-left: 30px;\">&#8211; Generalni projekti (GNP)<br \/>\n&#8211; Idejno re\u0161enje (IDR)<br \/>\n&#8211; Idejni projekat (IDP)<br \/>\n&#8211; Projekat za gra\u0111evinsku dozvolu (PGD)<br \/>\n&#8211; Izvod iz projekta<br \/>\n&#8211; Projekat ru\u0161enja objekta<br \/>\n&#8211; Projekat za izvo\u0111enje (PZI)<br \/>\n&#8211; Projekat izvedenog objekta (PIO)<br \/>\n&#8211; Planove preventivnih mera<br \/>\n&#8211; Elaborat energetske efikasnosti<\/p>\n<p><span style=\"font-size: 14px;\">C) STUDIJE I REVIZIJE :<\/span><\/p>\n<p style=\"padding-left: 30px;\">&#8211; Studija opravdanosti<br \/>\n&#8211; Studija izvodljivosti<br \/>\n&#8211; Studija uticaja na \u017eivotnu sredinu<br \/>\n&#8211; Spoljno tehni\u010dka kontrola projekata za gra\u0111evinsku dozvolu (revizija)<\/p>\n<\/p>\n<\/p>\n<p><span style=\"font-size: 18px; color: #ff0000;\"><b>2. INESTICIONO VO\u0110ENJE OBJEKATA: <\/b><\/span><\/p>\n<p><span style=\"font-size: 14px;\">D) PROJEKT MENAD\u017dMENT<\/span> i logisti\u010dka podr\u0161ka Investitoru u vo\u0111enju investicije<\/p>\n<p><span style=\"font-size: 14px;\">E) STRU\u010cNO TEHNI\u010cKI NADZOR <\/span>za sve vrste radova na izgradnji objekata<\/p>\n<p><span style=\"font-size: 14px;\">F) ISHODOVANJE DOZVOLA ZA IZGRADNJU OBJEKATA<\/span> (Op\u0161tina, Pokrajina i Republika):<\/p>\n<p style=\"padding-left: 30px;\">&#8211; Ishodovanje svih pretprojektnih uslova<br \/>\n&#8211; Lokacijski uslovi<br \/>\n&#8211; Ishodovanje svih saglasnosti na projekat za gra\u0111evinsku dozvolu<br \/>\n&#8211; Gra\u0111evinska dozvola<br \/>\n&#8211; Organizovanje tehni\u010dkih prijema objekata<br \/>\n&#8211; Vodoprivredna dozvola<br \/>\n&#8211; Dozvola za probni rad<br \/>\n&#8211; Sertifikacija energetske efikasnosti (energetski paso\u0161)<br \/>\n&#8211; Upotrebna dozvola<br \/>\n&#8211; Integrisana dozvola (IPPC)<br \/>\n&#8211; Uknji\u017eba objekata u katastar nepokretnosti<\/p>\n","protected":false},"excerpt":{"rendered":"<p>Za potrebe pravnih lica i fizi\u010dkih lica, preduze\u0107e \u201cMARURI\u201d d.o.o. Novi Sad, u saradnji sa svojim timom stru\u010dnih saradnika, za objekte visokogradnje, niskogradnje i hidrogradnje vr\u0161i slede\u0107e usluge: &nbsp; 1. IZRADA PROJEKTNE DOKUMENATCIJE \u00a0(industrijskih, poslovnih, javnih. sportskih, kolektivnih stambenih, porodi\u010dnih stambenih, komercijalnih i turisti\u010dko-ugostiteljskih\u00a0 objekata): A) PLANSKA DOKUMENTACIJA: &#8211; Plan detaljne regulacije (PDR) &#8211; Urbanisti\u010dki [&hellip;]<\/p>\n","protected":false},"author":1,"featured_media":0,"parent":0,"menu_order":3,"comment_status":"closed","ping_status":"closed","template":"page-full.php","meta":{"footnotes":""},"class_list":["post-174","page","type-page","status-publish","hentry"],"_links":{"self":[{"href":"http:\/\/maruri.rs\/index.php?rest_route=\/wp\/v2\/pages\/174","targetHints":{"allow":["GET"]}}],"collection":[{"href":"http:\/\/maruri.rs\/index.php?rest_route=\/wp\/v2\/pages"}],"about":[{"href":"http:\/\/maruri.rs\/index.php?rest_route=\/wp\/v2\/types\/page"}],"author":[{"embeddable":true,"href":"http:\/\/maruri.rs\/index.php?rest_route=\/wp\/v2\/users\/1"}],"replies":[{"embeddable":true,"href":"http:\/\/maruri.rs\/index.php?rest_route=%2Fwp%2Fv2%2Fcomments&post=174"}],"version-history":[{"count":58,"href":"http:\/\/maruri.rs\/index.php?rest_route=\/wp\/v2\/pages\/174\/revisions"}],"predecessor-version":[{"id":1394,"href":"http:\/\/maruri.rs\/index.php?rest_route=\/wp\/v2\/pages\/174\/revisions\/1394"}],"wp:attachment":[{"href":"http:\/\/maruri.rs\/index.php?rest_route=%2Fwp%2Fv2%2Fmedia&parent=174"}],"curies":[{"name":"wp","href":"https:\/\/api.w.org\/{rel}","templated":true}]}}