{"id":1021,"date":"2013-11-11T10:42:25","date_gmt":"2013-11-11T10:42:25","guid":{"rendered":"http:\/\/maruri.rs\/hala-za-servis-i-pranje-vozila"},"modified":"2013-11-21T11:48:39","modified_gmt":"2013-11-21T11:48:39","slug":"hala-za-servis-i-pranje-vozila","status":"publish","type":"page","link":"http:\/\/maruri.rs\/?page_id=1021","title":{"rendered":"HALA ZA SERVIS I PRANJE VOZILA"},"content":{"rendered":"<p>[nggallery id=33]<\/p>\n<p><span style=\"color: #B3B3B3;\">\u00a0<\/span><\/p>\n<p><strong><span style=\"color:#B3B3B3;\">HALA ZA SERVIS I PRANJE VOZILA<\/span><\/strong><\/p>\n<p>UKUPNA INVESTICIONA VREDNOST: 1.500.000 \u20ac<br \/>\nINVESTITOR: Dejan Toma\u0161evi\u0107<br \/>\nMESTO GRADNJE: Novi Slankamen<br \/>\nUKUPNA KVADRATURA: cca 600m2<br \/>\nVRSTA KONSTRUKCIJE: A.B Monta\u017ena skeletna konstrukcija<br \/>\nGODINA IZGRADNJE: 2004.<\/p>\n","protected":false},"excerpt":{"rendered":"<p>[nggallery id=33] \u00a0 HALA ZA SERVIS I PRANJE VOZILA UKUPNA INVESTICIONA VREDNOST: 1.500.000 \u20ac INVESTITOR: Dejan Toma\u0161evi\u0107 MESTO GRADNJE: Novi Slankamen UKUPNA KVADRATURA: cca 600m2 VRSTA KONSTRUKCIJE: A.B Monta\u017ena skeletna konstrukcija GODINA IZGRADNJE: 2004.<\/p>\n","protected":false},"author":1,"featured_media":0,"parent":0,"menu_order":0,"comment_status":"open","ping_status":"open","template":"page-full.php","meta":{"footnotes":""},"class_list":["post-1021","page","type-page","status-publish","hentry"],"_links":{"self":[{"href":"http:\/\/maruri.rs\/index.php?rest_route=\/wp\/v2\/pages\/1021","targetHints":{"allow":["GET"]}}],"collection":[{"href":"http:\/\/maruri.rs\/index.php?rest_route=\/wp\/v2\/pages"}],"about":[{"href":"http:\/\/maruri.rs\/index.php?rest_route=\/wp\/v2\/types\/page"}],"author":[{"embeddable":true,"href":"http:\/\/maruri.rs\/index.php?rest_route=\/wp\/v2\/users\/1"}],"replies":[{"embeddable":true,"href":"http:\/\/maruri.rs\/index.php?rest_route=%2Fwp%2Fv2%2Fcomments&post=1021"}],"version-history":[{"count":3,"href":"http:\/\/maruri.rs\/index.php?rest_route=\/wp\/v2\/pages\/1021\/revisions"}],"predecessor-version":[{"id":1158,"href":"http:\/\/maruri.rs\/index.php?rest_route=\/wp\/v2\/pages\/1021\/revisions\/1158"}],"wp:attachment":[{"href":"http:\/\/maruri.rs\/index.php?rest_route=%2Fwp%2Fv2%2Fmedia&parent=1021"}],"curies":[{"name":"wp","href":"https:\/\/api.w.org\/{rel}","templated":true}]}}